{"id":4383,"date":"2026-01-25T11:22:57","date_gmt":"2026-01-25T11:22:57","guid":{"rendered":"https:\/\/taxirinconvictoria.es\/?page_id=4383"},"modified":"2026-02-02T21:39:19","modified_gmt":"2026-02-02T21:39:19","slug":"contrata-nuestros-servicios-de-taxi","status":"publish","type":"page","link":"https:\/\/taxirinconvictoria.es\/index.php\/contrata-nuestros-servicios-de-taxi\/","title":{"rendered":"Contrata nuestros servicios de Taxi"},"content":{"rendered":"\t\t<div data-elementor-type=\"wp-page\" data-elementor-id=\"4383\" class=\"elementor elementor-4383\">\n\t\t\t\t<div class=\"elementor-element elementor-element-d65ec4c e-flex e-con-boxed e-con e-parent\" data-id=\"d65ec4c\" data-element_type=\"container\">\n\t\t\t\t\t<div class=\"e-con-inner\">\n\t\t\t\t<div class=\"elementor-element elementor-element-3405798 elementor-widget elementor-widget-heading\" data-id=\"3405798\" data-element_type=\"widget\" data-widget_type=\"heading.default\">\n\t\t\t\t<div class=\"elementor-widget-container\">\n\t\t\t\t\t<h4 class=\"elementor-heading-title elementor-size-default\">Contrata tu servicio con nosotros<\/h4>\t\t\t\t<\/div>\n\t\t\t\t<\/div>\n\t\t\r\n\t\t<div class=\"elementor-element elementor-element-61e0e25 elementor-widget elementor-widget-taxsecobutton\" data-id=\"61e0e25\" data-element_type=\"widget\" data-widget_type=\"taxsecobutton.default\">\n\t\t\t\t<div class=\"elementor-widget-container\">\n\t\t\t\t\t<!-- Button --><div class=\"btn-wrapper \"><a class=\"th-btn style3 style-skew\" href=\"tel:+34699273396\"><span class=\"btn-text\">(+34) 699 27 33 96<\/span><\/a><\/div><!-- End Button -->\t\t\t\t<\/div>\n\t\t\t\t<\/div>\n\t\t\t\t\t<\/div>\n\t\t\t\t<\/div>\n\t\t\t\t<section class=\"elementor-section elementor-top-section elementor-element elementor-element-67bc7a4c elementor-section-full_width elementor-section-height-default elementor-section-height-default\" data-id=\"67bc7a4c\" data-element_type=\"section\">\n\t\t\t\t\t\t<div class=\"elementor-container elementor-column-gap-default\">\n\t\t\t\t\t<div class=\"elementor-column elementor-col-100 elementor-top-column elementor-element elementor-element-222af0aa\" data-id=\"222af0aa\" data-element_type=\"column\">\n\t\t\t<div class=\"elementor-widget-wrap elementor-element-populated\">\n\t\t\t\t\t\t<section class=\"elementor-section elementor-inner-section elementor-element elementor-element-9acdf85 elementor-section-content-bottom elementor-section-boxed elementor-section-height-default elementor-section-height-default\" data-id=\"9acdf85\" data-element_type=\"section\">\n\t\t\t\t\t\t<div class=\"elementor-container elementor-column-gap-no\">\n\t\t\t\t\t<div class=\"elementor-column elementor-col-50 elementor-inner-column elementor-element elementor-element-6dda7120\" data-id=\"6dda7120\" data-element_type=\"column\">\n\t\t\t<div class=\"elementor-widget-wrap elementor-element-populated\">\n\t\t\t\t\t\t<div class=\"elementor-element elementor-element-5b0fdbb4 elementor-widget elementor-widget-taxsecogroupimage\" data-id=\"5b0fdbb4\" data-element_type=\"widget\" data-widget_type=\"taxsecogroupimage.default\">\n\t\t\t\t<div class=\"elementor-widget-container\">\n\t\t\t\t\t<div class=\"ow\"><div class=\"img1\"><img decoding=\"async\" src=\"https:\/\/taxirinconvictoria.es\/wp-content\/uploads\/2026\/01\/IMG_2217_L17_L14_back-scaled.webp\" alt=\"IMG_2217_L17_L14_back scaled\"  \/><\/div><\/div>\t\t\t\t<\/div>\n\t\t\t\t<\/div>\n\t\t\t\t\t<\/div>\n\t\t<\/div>\n\t\t\t\t<div class=\"elementor-column elementor-col-50 elementor-inner-column elementor-element elementor-element-1b99e7e2\" data-id=\"1b99e7e2\" data-element_type=\"column\">\n\t\t\t<div class=\"elementor-widget-wrap elementor-element-populated\">\n\t\t\t\t\t\t<div class=\"elementor-element elementor-element-12b623f9 elementor-widget elementor-widget-taxsecosectiontitle\" data-id=\"12b623f9\" data-element_type=\"widget\" data-widget_type=\"taxsecosectiontitle.default\">\n\t\t\t\t<div class=\"elementor-widget-container\">\n\t\t\t\t\t<div class=\"title-area text-\" ><span class=\"sub-title title-selector\">Sobre nosotros<\/span><\/div>\t\t\t\t<\/div>\n\t\t\t\t<\/div>\n\t\t\t\t<div class=\"elementor-element elementor-element-55b8086d elementor-widget elementor-widget-text-editor\" data-id=\"55b8086d\" data-element_type=\"widget\" data-widget_type=\"text-editor.default\">\n\t\t\t\t<div class=\"elementor-widget-container\">\n\t\t\t\t\t\t\t\t\t<p class=\"mt-n2 mb-30 text-md-start text-center\">Si necesitas un <strong data-start=\"340\" data-end=\"426\">taxi en Rinc\u00f3n de la Victoria, La Cala del Moral, Benagalb\u00f3n o Torre de Benagalb\u00f3n<\/strong>, no lo dudes. Estamos preparados para atenderte con <strong data-start=\"520\" data-end=\"567\">rapidez, profesionalidad y un trato cercano<\/strong>, ofreci\u00e9ndote un servicio de confianza en cada trayecto.<\/p><div class=\"experience-list\"><div class=\"th-experience\"><h3 class=\"experience-year\"><span class=\"counter-number\">25<\/span>+<\/h3><p class=\"experience-text\">A\u00f1os<\/p><\/div><div class=\"dots-list\"><ul><li>Trabajamos de forma colaborativa con <b>Licencia 14 <\/b>para dar el mejor servicios posible.<\/li><li>Garantizando siempre la <strong data-start=\"960\" data-end=\"995\">misma calidad y profesionalidad.<\/strong><\/li><li>Esta colaboraci\u00f3n nos permite ofrecer mayor disponibilidad y rapidez en el servicio, con un objetivo claro: <strong>la satisfacci\u00f3n total del cliente.<\/strong><\/li><\/ul><\/div><\/div>\t\t\t\t\t\t\t\t<\/div>\n\t\t\t\t<\/div>\n\t\t\t\t<div class=\"elementor-element elementor-element-502a122b elementor-widget elementor-widget-taxsecobutton\" data-id=\"502a122b\" data-element_type=\"widget\" data-widget_type=\"taxsecobutton.default\">\n\t\t\t\t<div class=\"elementor-widget-container\">\n\t\t\t\t\t<!-- Button --><div class=\"btn-wrapper center\"><a class=\"th-btn style3 style-skew\" href=\"tel:+34699273396\"><span class=\"btn-text\">Ll\u00e1manos<\/span><\/a><\/div><!-- End Button -->\t\t\t\t<\/div>\n\t\t\t\t<\/div>\n\t\t\t\t\t<\/div>\n\t\t<\/div>\n\t\t\t\t\t<\/div>\n\t\t<\/section>\n\t\t\t\t\t<\/div>\n\t\t<\/div>\n\t\t\t\t\t<\/div>\n\t\t<\/section>\n\t\t\t\t<section class=\"elementor-section elementor-top-section elementor-element elementor-element-2ffac4d1 elementor-section-boxed elementor-section-height-default elementor-section-height-default\" data-id=\"2ffac4d1\" data-element_type=\"section\" data-settings=\"{&quot;background_background&quot;:&quot;classic&quot;}\">\n\t\t\t\t\t\t<div class=\"elementor-container elementor-column-gap-no\">\n\t\t\t\t\t<div class=\"elementor-column elementor-col-100 elementor-top-column elementor-element elementor-element-15bc0769\" data-id=\"15bc0769\" data-element_type=\"column\">\n\t\t\t<div class=\"elementor-widget-wrap elementor-element-populated\">\n\t\t\t\t\t\t<div class=\"elementor-element elementor-element-7678999 elementor-widget elementor-widget-taxsecosectiontitle\" data-id=\"7678999\" data-element_type=\"widget\" data-widget_type=\"taxsecosectiontitle.default\">\n\t\t\t\t<div class=\"elementor-widget-container\">\n\t\t\t\t\t<div class=\"title-area text-center\" ><span class=\"sub-title title-selector\">Nuestros valores <span class=\"double-line\"><\/span><\/span><\/div>\t\t\t\t<\/div>\n\t\t\t\t<\/div>\n\t\t\t\t<div class=\"elementor-element elementor-element-7bdc6551 elementor-widget elementor-widget-taxsecofeaturebox\" data-id=\"7bdc6551\" data-element_type=\"widget\" data-widget_type=\"taxsecofeaturebox.default\">\n\t\t\t\t<div class=\"elementor-widget-container\">\n\t\t\t\t\t<div class=\"process-box-wrap\"><div class=\"process-box \"><div class=\"process-box_icon\"><i class=\"fa-thin fa-shield-heart\"><\/i><span class=\"process-box_num\">01<\/span><\/div><h3 class=\"process-box_title\">Seguridad Garantizada<\/h3><\/div><div class=\"process-box style2\"><div class=\"process-box_icon\"><i class=\"fa-thin fa-car-building\"><\/i><span class=\"process-box_num\">02<\/span><\/div><h3 class=\"process-box_title\">Servicio R\u00e1pido<\/h3><\/div><div class=\"process-box \"><div class=\"process-box_icon\"><i class=\"fa-thin fa-bridge-suspension\"><\/i><span class=\"process-box_num\">03<\/span><\/div><h3 class=\"process-box_title\">Viajes c\u00f3modos<\/h3><\/div><div class=\"process-box style2\"><div class=\"process-box_icon\"><i class=\"fa-thin fa-user-shield\"><\/i><span class=\"process-box_num\">04<\/span><\/div><h3 class=\"process-box_title\">Limpieza<\/h3><\/div><\/div>\t\t\t\t<\/div>\n\t\t\t\t<\/div>\n\t\t\t\t\t<\/div>\n\t\t<\/div>\n\t\t\t\t\t<\/div>\n\t\t<\/section>\n\t\t<div class=\"elementor-element elementor-element-a735d9d e-flex e-con-boxed e-con e-parent\" data-id=\"a735d9d\" data-element_type=\"container\">\n\t\t\t\t\t<div class=\"e-con-inner\">\n\t\t\t\t<div class=\"elementor-element elementor-element-f1c9202 elementor-widget elementor-widget-html\" data-id=\"f1c9202\" data-element_type=\"widget\" data-widget_type=\"html.default\">\n\t\t\t\t<div class=\"elementor-widget-container\">\n\t\t\t\t\t<!-- Google tag (gtag.js) -->\n<script async src=\"https:\/\/www.googletagmanager.com\/gtag\/js?id=AW-17903807351\"><\/script>\n<script>\n  window.dataLayer = window.dataLayer || [];\n  function gtag(){dataLayer.push(arguments);}\n  gtag('js', new Date());\n\n  gtag('config', 'AW-17903807351');\n<\/script>\n\t\t\t\t<\/div>\n\t\t\t\t<\/div>\n\t\t\t\t\t<\/div>\n\t\t\t\t<\/div>\n\t\t\t\t<\/div>\n\t\t","protected":false},"excerpt":{"rendered":"<p>Contrata tu servicio con nosotros (+34) 699 27 33 96 Sobre nosotros Si necesitas un taxi en Rinc\u00f3n de la Victoria, La Cala del Moral, Benagalb\u00f3n o Torre de Benagalb\u00f3n, no lo dudes. Estamos preparados para atenderte con rapidez, profesionalidad y un trato cercano, ofreci\u00e9ndote un servicio de confianza en cada trayecto. 25+ A\u00f1os Trabajamos&#8230;<\/p>\n","protected":false},"author":1,"featured_media":4384,"parent":0,"menu_order":0,"comment_status":"closed","ping_status":"closed","template":"","meta":{"footnotes":""},"class_list":["post-4383","page","type-page","status-publish","has-post-thumbnail","hentry"],"_links":{"self":[{"href":"https:\/\/taxirinconvictoria.es\/index.php\/wp-json\/wp\/v2\/pages\/4383","targetHints":{"allow":["GET"]}}],"collection":[{"href":"https:\/\/taxirinconvictoria.es\/index.php\/wp-json\/wp\/v2\/pages"}],"about":[{"href":"https:\/\/taxirinconvictoria.es\/index.php\/wp-json\/wp\/v2\/types\/page"}],"author":[{"embeddable":true,"href":"https:\/\/taxirinconvictoria.es\/index.php\/wp-json\/wp\/v2\/users\/1"}],"replies":[{"embeddable":true,"href":"https:\/\/taxirinconvictoria.es\/index.php\/wp-json\/wp\/v2\/comments?post=4383"}],"version-history":[{"count":64,"href":"https:\/\/taxirinconvictoria.es\/index.php\/wp-json\/wp\/v2\/pages\/4383\/revisions"}],"predecessor-version":[{"id":4457,"href":"https:\/\/taxirinconvictoria.es\/index.php\/wp-json\/wp\/v2\/pages\/4383\/revisions\/4457"}],"wp:featuredmedia":[{"embeddable":true,"href":"https:\/\/taxirinconvictoria.es\/index.php\/wp-json\/wp\/v2\/media\/4384"}],"wp:attachment":[{"href":"https:\/\/taxirinconvictoria.es\/index.php\/wp-json\/wp\/v2\/media?parent=4383"}],"curies":[{"name":"wp","href":"https:\/\/api.w.org\/{rel}","templated":true}]}}